{"id":547,"date":"2020-04-20T13:26:14","date_gmt":"2020-04-20T16:26:14","guid":{"rendered":"https:\/\/brmais2.com\/news2\/?page_id=547"},"modified":"2020-04-20T13:33:37","modified_gmt":"2020-04-20T16:33:37","slug":"criacao-site-pelotas","status":"publish","type":"page","link":"https:\/\/brmais2.com\/news2\/criacao-site-pelotas\/","title":{"rendered":"Cria\u00e7\u00e3o Site Pelotas"},"content":{"rendered":"<h2 class=\"mkdf-post-title\">Afinal, por que preciso providenciar a cria\u00e7\u00e3o de site? (Pelotas)<\/h2>\n<p>\u201cEu preciso providenciar a cria\u00e7\u00e3o de um site?\u201d Essa pergunta frequentemente surge na cabe\u00e7a de muitos empreendedores e \u00e9 muito simples sanar essa d\u00favida se isso tamb\u00e9m acontece com voc\u00ea. Se pergunte: Eu gostaria de ver meu produto ou servi\u00e7o sendo encontrado pelas pessoas? Se a resposta foi sim, voc\u00ea achou a resposta para a pergunta que d\u00e1 t\u00edtulo ao texto:<\/p>\n<p>N\u00e3o \u00e9 mais novidade, a internet veio para ficar. Olhe ao seu redor e veja quantas pessoas a utilizam a todo o momento em seus smartphones, tablets e notebooks. Eles podem estar procurando por voc\u00ea. E voc\u00ea precisa se organizar para criar um site para o seu neg\u00f3cio.<\/p>\n<p>&nbsp;<\/p>\n<p><a href=\"https:\/\/brahmsoftware.com\"><img loading=\"lazy\" decoding=\"async\" class=\"alignnone wp-image-4137 size-full\" title=\"Cria\u00e7\u00e3o Site Pelotas\" src=\"https:\/\/www.brahmsoftware.com\/site\/wp-content\/uploads\/2020\/04\/criacao-site-pelotas.png\" alt=\"BrahmSoftware faz cria\u00e7\u00e3o de sites em Pelotas para o Brasil e o mundo!\" width=\"480\" height=\"561\" \/><\/a><\/p>\n<p>Afinal \u00e9 preciso criar um site? Existem mais algumas dezenas de raz\u00f5es que provam que sua empresa precisa fazer a cria\u00e7\u00e3o de um site. Listaremos aqui as que consideramos mais importantes na hora de voc\u00ea pensar na cria\u00e7\u00e3o do seu site (com a Brahmsoftware.com em Pelotas) :<\/p>\n<h2><strong>Conhe\u00e7a 6 motivos porque \u00e9 preciso criar um site (em Pelotas com a BrahmSoftware.com).<\/strong><\/h2>\n<h2>1 \u2013 Baixo custo para realiza\u00e7\u00e3o de marketing<u><\/u><u><\/u><\/h2>\n<p>Seu site \u00e9 mais que um canal informativo, \u00e9 uma vitrine que ajuda a divulgar seus produtos e servi\u00e7os para uma ampla audi\u00eancia. O investimento destinado \u00e0 cria\u00e7\u00e3o de um site \u00e9 rapidamente recuperado se analisarmos seu alcance e o seu potencial de propaga\u00e7\u00e3o da marca, em compara\u00e7\u00e3o \u00e0s m\u00eddias tradicionais.<u><\/u><u><\/u><\/p>\n<h2>2 \u2013 Visibilidade<u><\/u><u><\/u><\/h2>\n<p><strong>Uma pesquisa do IBGE<\/strong> mostrou que mais de 85 milh\u00f5es de brasileiros com mais de 10 anos de idade (49,4% da popula\u00e7\u00e3o) usaram a internet, pelo menos uma vez, nos 90 dias que antecederam \u00e0 data da pesquisa, em 2013. Provavelmente, muitos utilizaram os buscadores para se informar sobre os produtos e servi\u00e7os que a sua empresa oferece. E se ela n\u00e3o estava ali, significa que perdeu muitas oportunidades de fazer bons neg\u00f3cios.<u><\/u><u><\/u><\/p>\n<h2>3 \u2013 Acessibilidade<u><\/u><u><\/u><\/h2>\n<p>Uma vez no ar, seu site se mant\u00e9m conectado todos os dias, durante 24 horas. Isso significa que seus clientes e potenciais clientes poder\u00e3o obter informa\u00e7\u00f5es sobre seus produtos e servi\u00e7os no momento exato em que precisarem dessas informa\u00e7\u00f5es, mesmo que voc\u00ea esteja dormindo.<u><\/u><u><\/u><\/p>\n<h2>4 \u2013 Vendas<u><\/u><u><\/u><\/h2>\n<p>Se o seu site \u00e9 tamb\u00e9m um canal e-commerce (loja virtual), as possibilidades s\u00f3 aumentam. Afinal, as vendas poder\u00e3o ser realizadas a qualquer hora, em qualquer dia, de maneira automatizada e segura. \u00c9 como se a sua empresa jamais fechasse as portas para o p\u00fablico que realmente tem interesse em comprar seu produto. Al\u00e9m disso, ter um site bem estruturado ajuda o Google e os demais mecanismos de busca a levarem seus clientes at\u00e9 voc\u00ea.<\/p>\n<h2>5 \u2013 Credibilidade<u><\/u><u><\/u><\/h2>\n<p>Seu consumidor sentir\u00e1 mais seguran\u00e7a quando constatar que a sua empresa est\u00e1 na internet atrav\u00e9s de um site bem constru\u00eddo e planejado. Pode parecer mentira, mas fazer neg\u00f3cios, por menores que sejam, com empresas que n\u00e3o possuem presen\u00e7a digital (internet) pode causar inseguran\u00e7a. Afinal, se o seu futuro cliente est\u00e1 pesquisando sobre voc\u00ea, o m\u00ednimo que ele espera \u00e9 encontrar essas informa\u00e7\u00f5es. Se elas vierem diretamente da sua empresa, e do seu site, tudo fica bem melhor, concorda?<u><\/u><u><\/u><\/p>\n<h2>6 \u2013 Comunica\u00e7\u00e3o<u><\/u><u><\/u><\/h2>\n<p>Seu site pode \u2013 e deve \u2013 ser tamb\u00e9m mais um canal de comunica\u00e7\u00e3o entre a sua empresa e os seus clientes. Al\u00e9m de informar contatos como e-mail, telefone, endere\u00e7o (mapa de localiza\u00e7\u00e3o) e acesso \u00e0s redes sociais, ele pode oferecer formul\u00e1rios espec\u00edficos para que o cliente direcione sua d\u00favida ao setor respons\u00e1vel. Chats online (WhatsApp flutuante sobre o seu site) tamb\u00e9m s\u00e3o poss\u00edveis e recomendados, dependendo do seu ramo de atua\u00e7\u00e3o.<\/p>\n<p>Conseguimos convencer voc\u00ea porque \u00e9 preciso fazer a cria\u00e7\u00e3o de um site para seu neg\u00f3cio? Lembre-se que, para que o site reflita os valores da sua empresa de maneira clara e profissional, \u00e9 extremamente importante contar com pessoas capacitadas para a execu\u00e7\u00e3o desse trabalho. N\u00e3o confie em qualquer um para cuidar da imagem da sua empresa. Isso \u00e9 muito s\u00e9rio e, no fim, pode custar muito caro.<\/p>\n<h2>Cria\u00e7\u00e3o de site em Pelotas<\/h2>\n<p>Entre em contato com a BrahmSoftware.com e solicite seu or\u00e7amento para <a href=\"https:\/\/BrahmSoftware.com\" target=\"_blank\" rel=\"noopener noreferrer\">cria\u00e7\u00e3o site Pelotas<\/a> sem compromisso!<\/p>\n<p>A BrahmSoftware.com est\u00e1 no mercado desde 2004 criando e hospedando sites institucionais de lojas virtuais e demais iniciativas online com foco em divulga\u00e7\u00e3o e venda de produtos  servi\u00e7os de seus clientes.<\/p>\n","protected":false},"excerpt":{"rendered":"<p>Afinal, por que preciso providenciar a cria\u00e7\u00e3o de site? (Pelotas) \u201cEu preciso providenciar a cria\u00e7\u00e3o de um site?\u201d Essa pergunta frequentemente surge na cabe\u00e7a de muitos empreendedores e \u00e9 muito simples sanar essa d\u00favida se isso tamb\u00e9m acontece com voc\u00ea. Se pergunte: Eu gostaria de ver meu produto ou servi\u00e7o sendo encontrado pelas pessoas? Se [&hellip;]<\/p>\n","protected":false},"author":1,"featured_media":0,"parent":0,"menu_order":0,"comment_status":"closed","ping_status":"open","template":"","meta":{"footnotes":""},"class_list":["post-547","page","type-page","status-publish","hentry"],"yoast_head":"<!-- This site is optimized with the Yoast SEO plugin v27.6 - https:\/\/yoast.com\/product\/yoast-seo-wordpress\/ -->\n<title>BrahmSoftware.com | Cria\u00e7\u00e3o de Site em Pelotas<\/title>\n<meta name=\"description\" content=\"A BrahmSoftware.com faz cria\u00e7\u00e3o de site em Pelotas. Solicite seu or\u00e7amento sem compromisso hoje mesmo! Nos consulte para hospedagem e manuten\u00e7\u00e3o de sites.\" \/>\n<meta name=\"robots\" content=\"noindex, follow\" \/>\n<meta property=\"og:locale\" content=\"pt_BR\" \/>\n<meta property=\"og:type\" content=\"article\" \/>\n<meta property=\"og:title\" content=\"BrahmSoftware.com | Cria\u00e7\u00e3o de Site em Pelotas\" \/>\n<meta property=\"og:description\" content=\"A BrahmSoftware.com faz cria\u00e7\u00e3o de site em Pelotas. Solicite seu or\u00e7amento sem compromisso hoje mesmo! Nos consulte para hospedagem e manuten\u00e7\u00e3o de sites.\" \/>\n<meta property=\"og:url\" content=\"https:\/\/brmais2.com\/news2\/criacao-site-pelotas\/\" \/>\n<meta property=\"og:site_name\" content=\"Contronic\" \/>\n<meta property=\"article:modified_time\" content=\"2020-04-20T16:33:37+00:00\" \/>\n<meta property=\"og:image\" content=\"https:\/\/www.brahmsoftware.com\/site\/wp-content\/uploads\/2020\/04\/criacao-site-pelotas.png\" \/>\n<meta name=\"twitter:card\" content=\"summary_large_image\" \/>\n<meta name=\"twitter:label1\" content=\"Est. tempo de leitura\" \/>\n\t<meta name=\"twitter:data1\" content=\"4 minutos\" \/>\n<script type=\"application\/ld+json\" class=\"yoast-schema-graph\">{\"@context\":\"https:\\\/\\\/schema.org\",\"@graph\":[{\"@type\":\"WebPage\",\"@id\":\"https:\\\/\\\/brmais2.com\\\/news2\\\/criacao-site-pelotas\\\/\",\"url\":\"https:\\\/\\\/brmais2.com\\\/news2\\\/criacao-site-pelotas\\\/\",\"name\":\"BrahmSoftware.com | Cria\u00e7\u00e3o de Site em Pelotas\",\"isPartOf\":{\"@id\":\"https:\\\/\\\/brmais2.com\\\/news2\\\/#website\"},\"primaryImageOfPage\":{\"@id\":\"https:\\\/\\\/brmais2.com\\\/news2\\\/criacao-site-pelotas\\\/#primaryimage\"},\"image\":{\"@id\":\"https:\\\/\\\/brmais2.com\\\/news2\\\/criacao-site-pelotas\\\/#primaryimage\"},\"thumbnailUrl\":\"https:\\\/\\\/www.brahmsoftware.com\\\/site\\\/wp-content\\\/uploads\\\/2020\\\/04\\\/criacao-site-pelotas.png\",\"datePublished\":\"2020-04-20T16:26:14+00:00\",\"dateModified\":\"2020-04-20T16:33:37+00:00\",\"description\":\"A BrahmSoftware.com faz cria\u00e7\u00e3o de site em Pelotas. Solicite seu or\u00e7amento sem compromisso hoje mesmo! Nos consulte para hospedagem e manuten\u00e7\u00e3o de sites.\",\"breadcrumb\":{\"@id\":\"https:\\\/\\\/brmais2.com\\\/news2\\\/criacao-site-pelotas\\\/#breadcrumb\"},\"inLanguage\":\"pt-BR\",\"potentialAction\":[{\"@type\":\"ReadAction\",\"target\":[\"https:\\\/\\\/brmais2.com\\\/news2\\\/criacao-site-pelotas\\\/\"]}]},{\"@type\":\"ImageObject\",\"inLanguage\":\"pt-BR\",\"@id\":\"https:\\\/\\\/brmais2.com\\\/news2\\\/criacao-site-pelotas\\\/#primaryimage\",\"url\":\"https:\\\/\\\/www.brahmsoftware.com\\\/site\\\/wp-content\\\/uploads\\\/2020\\\/04\\\/criacao-site-pelotas.png\",\"contentUrl\":\"https:\\\/\\\/www.brahmsoftware.com\\\/site\\\/wp-content\\\/uploads\\\/2020\\\/04\\\/criacao-site-pelotas.png\"},{\"@type\":\"BreadcrumbList\",\"@id\":\"https:\\\/\\\/brmais2.com\\\/news2\\\/criacao-site-pelotas\\\/#breadcrumb\",\"itemListElement\":[{\"@type\":\"ListItem\",\"position\":1,\"name\":\"In\u00edcio\",\"item\":\"https:\\\/\\\/brmais2.com\\\/news2\\\/\"},{\"@type\":\"ListItem\",\"position\":2,\"name\":\"Cria\u00e7\u00e3o Site Pelotas\"}]},{\"@type\":\"WebSite\",\"@id\":\"https:\\\/\\\/brmais2.com\\\/news2\\\/#website\",\"url\":\"https:\\\/\\\/brmais2.com\\\/news2\\\/\",\"name\":\"Contronic\",\"description\":\"Tecnologia para Diagn\u00f3ticos\",\"potentialAction\":[{\"@type\":\"SearchAction\",\"target\":{\"@type\":\"EntryPoint\",\"urlTemplate\":\"https:\\\/\\\/brmais2.com\\\/news2\\\/?s={search_term_string}\"},\"query-input\":{\"@type\":\"PropertyValueSpecification\",\"valueRequired\":true,\"valueName\":\"search_term_string\"}}],\"inLanguage\":\"pt-BR\"}]}<\/script>\n<!-- \/ Yoast SEO plugin. -->","yoast_head_json":{"title":"BrahmSoftware.com | Cria\u00e7\u00e3o de Site em Pelotas","description":"A BrahmSoftware.com faz cria\u00e7\u00e3o de site em Pelotas. Solicite seu or\u00e7amento sem compromisso hoje mesmo! Nos consulte para hospedagem e manuten\u00e7\u00e3o de sites.","robots":{"index":"noindex","follow":"follow"},"og_locale":"pt_BR","og_type":"article","og_title":"BrahmSoftware.com | Cria\u00e7\u00e3o de Site em Pelotas","og_description":"A BrahmSoftware.com faz cria\u00e7\u00e3o de site em Pelotas. Solicite seu or\u00e7amento sem compromisso hoje mesmo! Nos consulte para hospedagem e manuten\u00e7\u00e3o de sites.","og_url":"https:\/\/brmais2.com\/news2\/criacao-site-pelotas\/","og_site_name":"Contronic","article_modified_time":"2020-04-20T16:33:37+00:00","og_image":[{"url":"https:\/\/www.brahmsoftware.com\/site\/wp-content\/uploads\/2020\/04\/criacao-site-pelotas.png","type":"","width":"","height":""}],"twitter_card":"summary_large_image","twitter_misc":{"Est. tempo de leitura":"4 minutos"},"schema":{"@context":"https:\/\/schema.org","@graph":[{"@type":"WebPage","@id":"https:\/\/brmais2.com\/news2\/criacao-site-pelotas\/","url":"https:\/\/brmais2.com\/news2\/criacao-site-pelotas\/","name":"BrahmSoftware.com | Cria\u00e7\u00e3o de Site em Pelotas","isPartOf":{"@id":"https:\/\/brmais2.com\/news2\/#website"},"primaryImageOfPage":{"@id":"https:\/\/brmais2.com\/news2\/criacao-site-pelotas\/#primaryimage"},"image":{"@id":"https:\/\/brmais2.com\/news2\/criacao-site-pelotas\/#primaryimage"},"thumbnailUrl":"https:\/\/www.brahmsoftware.com\/site\/wp-content\/uploads\/2020\/04\/criacao-site-pelotas.png","datePublished":"2020-04-20T16:26:14+00:00","dateModified":"2020-04-20T16:33:37+00:00","description":"A BrahmSoftware.com faz cria\u00e7\u00e3o de site em Pelotas. Solicite seu or\u00e7amento sem compromisso hoje mesmo! Nos consulte para hospedagem e manuten\u00e7\u00e3o de sites.","breadcrumb":{"@id":"https:\/\/brmais2.com\/news2\/criacao-site-pelotas\/#breadcrumb"},"inLanguage":"pt-BR","potentialAction":[{"@type":"ReadAction","target":["https:\/\/brmais2.com\/news2\/criacao-site-pelotas\/"]}]},{"@type":"ImageObject","inLanguage":"pt-BR","@id":"https:\/\/brmais2.com\/news2\/criacao-site-pelotas\/#primaryimage","url":"https:\/\/www.brahmsoftware.com\/site\/wp-content\/uploads\/2020\/04\/criacao-site-pelotas.png","contentUrl":"https:\/\/www.brahmsoftware.com\/site\/wp-content\/uploads\/2020\/04\/criacao-site-pelotas.png"},{"@type":"BreadcrumbList","@id":"https:\/\/brmais2.com\/news2\/criacao-site-pelotas\/#breadcrumb","itemListElement":[{"@type":"ListItem","position":1,"name":"In\u00edcio","item":"https:\/\/brmais2.com\/news2\/"},{"@type":"ListItem","position":2,"name":"Cria\u00e7\u00e3o Site Pelotas"}]},{"@type":"WebSite","@id":"https:\/\/brmais2.com\/news2\/#website","url":"https:\/\/brmais2.com\/news2\/","name":"Contronic","description":"Tecnologia para Diagn\u00f3ticos","potentialAction":[{"@type":"SearchAction","target":{"@type":"EntryPoint","urlTemplate":"https:\/\/brmais2.com\/news2\/?s={search_term_string}"},"query-input":{"@type":"PropertyValueSpecification","valueRequired":true,"valueName":"search_term_string"}}],"inLanguage":"pt-BR"}]}},"_links":{"self":[{"href":"https:\/\/brmais2.com\/news2\/wp-json\/wp\/v2\/pages\/547","targetHints":{"allow":["GET"]}}],"collection":[{"href":"https:\/\/brmais2.com\/news2\/wp-json\/wp\/v2\/pages"}],"about":[{"href":"https:\/\/brmais2.com\/news2\/wp-json\/wp\/v2\/types\/page"}],"author":[{"embeddable":true,"href":"https:\/\/brmais2.com\/news2\/wp-json\/wp\/v2\/users\/1"}],"replies":[{"embeddable":true,"href":"https:\/\/brmais2.com\/news2\/wp-json\/wp\/v2\/comments?post=547"}],"version-history":[{"count":1,"href":"https:\/\/brmais2.com\/news2\/wp-json\/wp\/v2\/pages\/547\/revisions"}],"predecessor-version":[{"id":548,"href":"https:\/\/brmais2.com\/news2\/wp-json\/wp\/v2\/pages\/547\/revisions\/548"}],"wp:attachment":[{"href":"https:\/\/brmais2.com\/news2\/wp-json\/wp\/v2\/media?parent=547"}],"curies":[{"name":"wp","href":"https:\/\/api.w.org\/{rel}","templated":true}]}}